{"id":3580,"date":"2022-06-28T11:21:31","date_gmt":"2022-06-28T10:21:31","guid":{"rendered":"https:\/\/www.listra.org\/?page_id=3580"},"modified":"2026-04-28T00:15:15","modified_gmt":"2026-04-27T23:15:15","slug":"nabizim","status":"publish","type":"page","link":"https:\/\/www.listra.org\/cs\/nabizim\/","title":{"rendered":"Nab\u00edz\u00edm"},"content":{"rendered":"<div data-elementor-type=\"wp-page\" data-elementor-id=\"3580\" class=\"elementor elementor-3580\">\n\t\t\t\t<div class=\"elementor-element elementor-element-17f257d e-flex e-con-boxed e-con e-parent\" data-id=\"17f257d\" data-element_type=\"container\" data-e-type=\"container\">\n\t\t\t\t\t<div class=\"e-con-inner\">\n\t\t\t\t<div class=\"elementor-element elementor-element-398d3c4 elementor-widget elementor-widget-heading\" data-id=\"398d3c4\" data-element_type=\"widget\" data-e-type=\"widget\" data-widget_type=\"heading.default\">\n\t\t\t\t<div class=\"elementor-widget-container\">\n\t\t\t\t\t<h2 class=\"elementor-heading-title elementor-size-default\">Cesty do Peru na m\u00edru\n<\/h2>\t\t\t\t<\/div>\n\t\t\t\t<\/div>\n\t\t\t\t\t<\/div>\n\t\t\t\t<\/div>\n\t\t<div class=\"elementor-element elementor-element-062e6cf e-flex e-con-boxed e-con e-parent\" data-id=\"062e6cf\" data-element_type=\"container\" data-e-type=\"container\">\n\t\t\t\t\t<div class=\"e-con-inner\">\n\t\t\t\t<div class=\"elementor-element elementor-element-0db002e elementor-widget elementor-widget-text-editor\" data-id=\"0db002e\" data-element_type=\"widget\" data-e-type=\"widget\" data-widget_type=\"text-editor.default\">\n\t\t\t\t<div class=\"elementor-widget-container\">\n\t\t\t\t\t\t\t\t\t<div>P\u0159ipravuji a organizuji cesty po Peru \u2013 od individu\u00e1ln\u00edch itiner\u00e1\u0159\u016f a\u017e po osobn\u011b veden\u00e9 z\u00e1jezdy v mal\u00fdch skupin\u00e1ch.\u00a0<\/div><div>\u00a0<\/div><p style=\"text-align: center;\">\u2022 Individu\u00e1ln\u00ed cesty na m\u00edru<\/p><p style=\"text-align: center;\">\u2022 Prov\u00e1zen\u00e9 cesty v mal\u00fdch skupin\u00e1ch<\/p><p style=\"text-align: center;\">\u2022 Kompletn\u00ed organizace pobytu<\/p><p style=\"text-align: center;\">\u2022 Kulin\u00e1\u0159sk\u00e9 a kulturn\u00ed z\u00e1\u017eitky<\/p><p style=\"text-align: center;\">\u2022 Workshopy s m\u00edstn\u00edmi komunitami<\/p>\t\t\t\t\t\t\t\t<\/div>\n\t\t\t\t<\/div>\n\t\t\t\t\t<\/div>\n\t\t\t\t<\/div>\n\t\t<div class=\"elementor-element elementor-element-386dbd1 e-flex e-con-boxed e-con e-parent\" data-id=\"386dbd1\" data-element_type=\"container\" data-e-type=\"container\">\n\t\t\t\t\t<div class=\"e-con-inner\">\n\t\t\t\t<div class=\"elementor-element elementor-element-c0262bd elementor-align-justify elementor-widget elementor-widget-button\" data-id=\"c0262bd\" data-element_type=\"widget\" data-e-type=\"widget\" data-widget_type=\"button.default\">\n\t\t\t\t<div class=\"elementor-widget-container\">\n\t\t\t\t\t\t\t\t\t<div class=\"elementor-button-wrapper\">\n\t\t\t\t\t<a class=\"elementor-button elementor-button-link elementor-size-sm\" href=\"https:\/\/wa.me\/4366488749487?text=Zajima%20me%20cesta%20do%20Peru\">\n\t\t\t\t\t\t<span class=\"elementor-button-content-wrapper\">\n\t\t\t\t\t\t\t\t\t<span class=\"elementor-button-text\">WhatsApp<\/span>\n\t\t\t\t\t<\/span>\n\t\t\t\t\t<\/a>\n\t\t\t\t<\/div>\n\t\t\t\t\t\t\t\t<\/div>\n\t\t\t\t<\/div>\n\t\t\t\t\t<\/div>\n\t\t\t\t<\/div>\n\t\t<div class=\"elementor-element elementor-element-e3a2e15 e-flex e-con-boxed e-con e-parent\" data-id=\"e3a2e15\" data-element_type=\"container\" data-e-type=\"container\">\n\t\t\t\t\t<div class=\"e-con-inner\">\n\t\t\t\t<div class=\"elementor-element elementor-element-a44dbda elementor-widget elementor-widget-heading\" data-id=\"a44dbda\" data-element_type=\"widget\" data-e-type=\"widget\" data-widget_type=\"heading.default\">\n\t\t\t\t<div class=\"elementor-widget-container\">\n\t\t\t\t\t<h2 class=\"elementor-heading-title elementor-size-default\">Cestov\u00e1n\u00ed po Peru samostatn\u011b po vlastn\u00ed ose <\/h2>\t\t\t\t<\/div>\n\t\t\t\t<\/div>\n\t\t\t\t\t<\/div>\n\t\t\t\t<\/div>\n\t\t<div class=\"elementor-element elementor-element-9f1ebfd e-flex e-con-boxed e-con e-parent\" data-id=\"9f1ebfd\" data-element_type=\"container\" data-e-type=\"container\">\n\t\t\t\t\t<div class=\"e-con-inner\">\n\t\t\t\t<div class=\"elementor-element elementor-element-6ae1605 elementor-widget__width-initial elementor-widget elementor-widget-text-editor\" data-id=\"6ae1605\" data-element_type=\"widget\" data-e-type=\"widget\" data-widget_type=\"text-editor.default\">\n\t\t\t\t<div class=\"elementor-widget-container\">\n\t\t\t\t\t\t\t\t\t<p style=\"text-align: center;\">Chcete objevovat Peru samostatn\u011b, ale s jistotou dob\u0159e p\u0159ipraven\u00e9ho pl\u00e1nu?<br \/>P\u0159ipravuji digit\u00e1ln\u00ed itiner\u00e1\u0159e na m\u00edru s ov\u011b\u0159en\u00fdmi kontakty a praktick\u00fdmi tipy z ter\u00e9nu.<\/p><p style=\"text-align: center;\">\u00a0Co z\u00edsk\u00e1te:<\/p><p style=\"text-align: center;\"><span style=\"white-space: normal;\"> \u2022 Pl\u00e1n cesty den po dni<\/span><\/p><p style=\"text-align: center;\"><span style=\"white-space: normal;\"> \u2022 Ov\u011b\u0159en\u00e9 kontakty (ubytov\u00e1n\u00ed, doprava, pr\u016fvodci)<\/span><\/p><p style=\"text-align: center;\"><span style=\"white-space: normal;\"> \u2022 Praktick\u00e9 tipy a doporu\u010den\u00ed<\/span><\/p>\t\t\t\t\t\t\t\t<\/div>\n\t\t\t\t<\/div>\n\t\t\t\t\t<\/div>\n\t\t\t\t<\/div>\n\t\t<div class=\"elementor-element elementor-element-ef5df40 e-flex e-con-boxed e-con e-parent\" data-id=\"ef5df40\" data-element_type=\"container\" data-e-type=\"container\">\n\t\t\t\t\t<div class=\"e-con-inner\">\n\t\t\t\t<div class=\"elementor-element elementor-element-d91aeb7 elementor-align-center elementor-widget elementor-widget-button\" data-id=\"d91aeb7\" data-element_type=\"widget\" data-e-type=\"widget\" data-widget_type=\"button.default\">\n\t\t\t\t<div class=\"elementor-widget-container\">\n\t\t\t\t\t\t\t\t\t<div class=\"elementor-button-wrapper\">\n\t\t\t\t\t<a class=\"elementor-button elementor-button-link elementor-size-sm\" href=\"#\">\n\t\t\t\t\t\t<span class=\"elementor-button-content-wrapper\">\n\t\t\t\t\t\t\t\t\t<span class=\"elementor-button-text\">Chci  m\u016fj itiner\u00e1\u0159<\/span>\n\t\t\t\t\t<\/span>\n\t\t\t\t\t<\/a>\n\t\t\t\t<\/div>\n\t\t\t\t\t\t\t\t<\/div>\n\t\t\t\t<\/div>\n\t\t\t\t\t<\/div>\n\t\t\t\t<\/div>\n\t\t<div class=\"elementor-element elementor-element-7f238bd e-flex e-con-boxed e-con e-parent\" data-id=\"7f238bd\" data-element_type=\"container\" data-e-type=\"container\">\n\t\t\t\t\t<div class=\"e-con-inner\">\n\t\t\t\t<div class=\"elementor-element elementor-element-defe150 elementor-widget elementor-widget-heading\" data-id=\"defe150\" data-element_type=\"widget\" data-e-type=\"widget\" data-widget_type=\"heading.default\">\n\t\t\t\t<div class=\"elementor-widget-container\">\n\t\t\t\t\t<h2 class=\"elementor-heading-title elementor-size-default\">Individu\u00e1ln\u00ed konzultace<\/h2>\t\t\t\t<\/div>\n\t\t\t\t<\/div>\n\t\t\t\t\t<\/div>\n\t\t\t\t<\/div>\n\t\t<div class=\"elementor-element elementor-element-b6fb25c e-flex e-con-boxed e-con e-parent\" data-id=\"b6fb25c\" data-element_type=\"container\" data-e-type=\"container\">\n\t\t\t\t\t<div class=\"e-con-inner\">\n\t\t\t\t<div class=\"elementor-element elementor-element-8121b52 elementor-widget__width-initial elementor-widget elementor-widget-text-editor\" data-id=\"8121b52\" data-element_type=\"widget\" data-e-type=\"widget\" data-widget_type=\"text-editor.default\">\n\t\t\t\t<div class=\"elementor-widget-container\">\n\t\t\t\t\t\t\t\t\t<p>Pomohu v\u00e1m s pl\u00e1nov\u00e1n\u00edm cesty do Peru i s konkr\u00e9tn\u00edmi ot\u00e1zkami. Vych\u00e1z\u00edm z osobn\u00ed zku\u0161enosti a znalosti m\u00edstn\u00edho prost\u0159ed\u00ed.<\/p><div style=\"text-align: center;\">\u00a0Co m\u016f\u017eeme \u0159e\u0161it:<\/div><div>\u00a0<\/div><div style=\"text-align: center;\">\u2022 Pl\u00e1nov\u00e1n\u00ed cesty na m\u00edru<\/div><div style=\"text-align: center;\">\u2022 Doporu\u010den\u00ed tras, m\u00edst a ubytov\u00e1n\u00ed<\/div><div style=\"text-align: center;\">\u2022 Praktick\u00e9 ot\u00e1zky p\u0159ed cestou<\/div><div style=\"text-align: center;\">\u2022 Sd\u00edlen\u00ed zku\u0161enost\u00ed ze \u017eivota v Peru<\/div>\t\t\t\t\t\t\t\t<\/div>\n\t\t\t\t<\/div>\n\t\t\t\t\t<\/div>\n\t\t\t\t<\/div>\n\t\t<div class=\"elementor-element elementor-element-abc8f13 e-flex e-con-boxed e-con e-parent\" data-id=\"abc8f13\" data-element_type=\"container\" data-e-type=\"container\">\n\t\t\t\t\t<div class=\"e-con-inner\">\n\t\t\t\t<div class=\"elementor-element elementor-element-584abe5 elementor-widget elementor-widget-button\" data-id=\"584abe5\" data-element_type=\"widget\" data-e-type=\"widget\" data-widget_type=\"button.default\">\n\t\t\t\t<div class=\"elementor-widget-container\">\n\t\t\t\t\t\t\t\t\t<div class=\"elementor-button-wrapper\">\n\t\t\t\t\t<a class=\"elementor-button elementor-button-link elementor-size-sm\" href=\"#\">\n\t\t\t\t\t\t<span class=\"elementor-button-content-wrapper\">\n\t\t\t\t\t\t\t\t\t<span class=\"elementor-button-text\">Domluvit konzultaci <\/span>\n\t\t\t\t\t<\/span>\n\t\t\t\t\t<\/a>\n\t\t\t\t<\/div>\n\t\t\t\t\t\t\t\t<\/div>\n\t\t\t\t<\/div>\n\t\t\t\t\t<\/div>\n\t\t\t\t<\/div>\n\t\t\t\t<\/div>","protected":false},"excerpt":{"rendered":"<p>Cesty do Peru na m\u00edru P\u0159ipravuji a organizuji cesty po Peru \u2013 od individu\u00e1ln\u00edch itiner\u00e1\u0159\u016f a\u017e po osobn\u011b veden\u00e9 z\u00e1jezdy v mal\u00fdch skupin\u00e1ch.\u00a0\u00a0 \u2022 Individu\u00e1ln\u00ed cesty na m\u00edru \u2022 Prov\u00e1zen\u00e9 cesty v mal\u00fdch skupin\u00e1ch \u2022 Kompletn\u00ed organizace pobytu \u2022 Kulin\u00e1\u0159sk\u00e9 a kulturn\u00ed z\u00e1\u017eitky \u2022 Workshopy s m\u00edstn\u00edmi komunitami WhatsApp Cestov\u00e1n\u00ed po Peru samostatn\u011b po vlastn\u00ed [&hellip;]<\/p>\n","protected":false},"author":2,"featured_media":0,"parent":0,"menu_order":0,"comment_status":"closed","ping_status":"closed","template":"","meta":{"_acf_changed":false,"ocean_post_layout":"","ocean_both_sidebars_style":"","ocean_both_sidebars_content_width":0,"ocean_both_sidebars_sidebars_width":0,"ocean_sidebar":"0","ocean_second_sidebar":"0","ocean_disable_margins":"enable","ocean_add_body_class":"","ocean_shortcode_before_top_bar":"","ocean_shortcode_after_top_bar":"","ocean_shortcode_before_header":"","ocean_shortcode_after_header":"","ocean_has_shortcode":"","ocean_shortcode_after_title":"","ocean_shortcode_before_footer_widgets":"","ocean_shortcode_after_footer_widgets":"","ocean_shortcode_before_footer_bottom":"","ocean_shortcode_after_footer_bottom":"","ocean_display_top_bar":"default","ocean_display_header":"default","ocean_header_style":"","ocean_center_header_left_menu":"0","ocean_custom_header_template":"0","ocean_custom_logo":0,"ocean_custom_retina_logo":0,"ocean_custom_logo_max_width":0,"ocean_custom_logo_tablet_max_width":0,"ocean_custom_logo_mobile_max_width":0,"ocean_custom_logo_max_height":0,"ocean_custom_logo_tablet_max_height":0,"ocean_custom_logo_mobile_max_height":0,"ocean_header_custom_menu":"0","ocean_menu_typo_font_family":"0","ocean_menu_typo_font_subset":"","ocean_menu_typo_font_size":0,"ocean_menu_typo_font_size_tablet":0,"ocean_menu_typo_font_size_mobile":0,"ocean_menu_typo_font_size_unit":"px","ocean_menu_typo_font_weight":"","ocean_menu_typo_font_weight_tablet":"","ocean_menu_typo_font_weight_mobile":"","ocean_menu_typo_transform":"","ocean_menu_typo_transform_tablet":"","ocean_menu_typo_transform_mobile":"","ocean_menu_typo_line_height":0,"ocean_menu_typo_line_height_tablet":0,"ocean_menu_typo_line_height_mobile":0,"ocean_menu_typo_line_height_unit":"","ocean_menu_typo_spacing":0,"ocean_menu_typo_spacing_tablet":0,"ocean_menu_typo_spacing_mobile":0,"ocean_menu_typo_spacing_unit":"","ocean_menu_link_color":"","ocean_menu_link_color_hover":"","ocean_menu_link_color_active":"","ocean_menu_link_background":"","ocean_menu_link_hover_background":"","ocean_menu_link_active_background":"","ocean_menu_social_links_bg":"","ocean_menu_social_hover_links_bg":"","ocean_menu_social_links_color":"","ocean_menu_social_hover_links_color":"","ocean_disable_title":"default","ocean_disable_heading":"default","ocean_post_title":"","ocean_post_subheading":"","ocean_post_title_style":"","ocean_post_title_background_color":"","ocean_post_title_background":0,"ocean_post_title_bg_image_position":"","ocean_post_title_bg_image_attachment":"","ocean_post_title_bg_image_repeat":"","ocean_post_title_bg_image_size":"","ocean_post_title_height":0,"ocean_post_title_bg_overlay":0.5,"ocean_post_title_bg_overlay_color":"","ocean_disable_breadcrumbs":"default","ocean_breadcrumbs_color":"","ocean_breadcrumbs_separator_color":"","ocean_breadcrumbs_links_color":"","ocean_breadcrumbs_links_hover_color":"","ocean_display_footer_widgets":"default","ocean_display_footer_bottom":"default","ocean_custom_footer_template":"0","footnotes":""},"class_list":["post-3580","page","type-page","status-publish","hentry","entry","owp-thumbs-layout-horizontal","owp-btn-normal","owp-tabs-layout-horizontal","has-no-thumbnails","has-product-nav"],"acf":[],"yoast_head":"<!-- This site is optimized with the Yoast SEO plugin v27.5 - https:\/\/yoast.com\/product\/yoast-seo-wordpress\/ -->\n<title>Nab\u00edz\u00edm - Listra<\/title>\n<meta name=\"robots\" content=\"index, follow, max-snippet:-1, max-image-preview:large, max-video-preview:-1\" \/>\n<link rel=\"canonical\" href=\"https:\/\/www.listra.org\/cs\/nabizim\/\" \/>\n<meta property=\"og:locale\" content=\"cs_CZ\" \/>\n<meta property=\"og:type\" content=\"article\" \/>\n<meta property=\"og:title\" content=\"Nab\u00edz\u00edm - Listra\" \/>\n<meta property=\"og:description\" content=\"Cesty do Peru na m\u00edru P\u0159ipravuji a organizuji cesty po Peru \u2013 od individu\u00e1ln\u00edch itiner\u00e1\u0159\u016f a\u017e po osobn\u011b veden\u00e9 z\u00e1jezdy v mal\u00fdch skupin\u00e1ch.\u00a0\u00a0 \u2022 Individu\u00e1ln\u00ed cesty na m\u00edru \u2022 Prov\u00e1zen\u00e9 cesty v mal\u00fdch skupin\u00e1ch \u2022 Kompletn\u00ed organizace pobytu \u2022 Kulin\u00e1\u0159sk\u00e9 a kulturn\u00ed z\u00e1\u017eitky \u2022 Workshopy s m\u00edstn\u00edmi komunitami WhatsApp Cestov\u00e1n\u00ed po Peru samostatn\u011b po vlastn\u00ed [&hellip;]\" \/>\n<meta property=\"og:url\" content=\"https:\/\/www.listra.org\/cs\/nabizim\/\" \/>\n<meta property=\"og:site_name\" content=\"Listra\" \/>\n<meta property=\"article:publisher\" content=\"https:\/\/www.facebook.com\/Listra-455689178179359\" \/>\n<meta property=\"article:modified_time\" content=\"2026-04-27T23:15:15+00:00\" \/>\n<meta name=\"twitter:card\" content=\"summary_large_image\" \/>\n<meta name=\"twitter:label1\" content=\"Odhadovan\u00e1 doba \u010dten\u00ed\" \/>\n\t<meta name=\"twitter:data1\" content=\"1 minuta\" \/>\n<script type=\"application\/ld+json\" class=\"yoast-schema-graph\">{\"@context\":\"https:\\\/\\\/schema.org\",\"@graph\":[{\"@type\":\"WebPage\",\"@id\":\"https:\\\/\\\/www.listra.org\\\/nabizim\\\/\",\"url\":\"https:\\\/\\\/www.listra.org\\\/nabizim\\\/\",\"name\":\"Nab\u00edz\u00edm - Listra\",\"isPartOf\":{\"@id\":\"https:\\\/\\\/www.listra.org\\\/#website\"},\"datePublished\":\"2022-06-28T10:21:31+00:00\",\"dateModified\":\"2026-04-27T23:15:15+00:00\",\"breadcrumb\":{\"@id\":\"https:\\\/\\\/www.listra.org\\\/nabizim\\\/#breadcrumb\"},\"inLanguage\":\"cs\",\"potentialAction\":[{\"@type\":\"ReadAction\",\"target\":[\"https:\\\/\\\/www.listra.org\\\/nabizim\\\/\"]}]},{\"@type\":\"BreadcrumbList\",\"@id\":\"https:\\\/\\\/www.listra.org\\\/nabizim\\\/#breadcrumb\",\"itemListElement\":[{\"@type\":\"ListItem\",\"position\":1,\"name\":\"Home\",\"item\":\"https:\\\/\\\/www.listra.org\\\/\"},{\"@type\":\"ListItem\",\"position\":2,\"name\":\"Nab\u00edz\u00edm\"}]},{\"@type\":\"WebSite\",\"@id\":\"https:\\\/\\\/www.listra.org\\\/#website\",\"url\":\"https:\\\/\\\/www.listra.org\\\/\",\"name\":\"Listra\",\"description\":\"North Peru traveler\",\"publisher\":{\"@id\":\"https:\\\/\\\/www.listra.org\\\/#organization\"},\"potentialAction\":[{\"@type\":\"SearchAction\",\"target\":{\"@type\":\"EntryPoint\",\"urlTemplate\":\"https:\\\/\\\/www.listra.org\\\/?s={search_term_string}\"},\"query-input\":{\"@type\":\"PropertyValueSpecification\",\"valueRequired\":true,\"valueName\":\"search_term_string\"}}],\"inLanguage\":\"cs\"},{\"@type\":\"Organization\",\"@id\":\"https:\\\/\\\/www.listra.org\\\/#organization\",\"name\":\"Listra\",\"url\":\"https:\\\/\\\/www.listra.org\\\/\",\"logo\":{\"@type\":\"ImageObject\",\"inLanguage\":\"cs\",\"@id\":\"https:\\\/\\\/www.listra.org\\\/#\\\/schema\\\/logo\\\/image\\\/\",\"url\":\"https:\\\/\\\/www.listra.org\\\/wp-content\\\/uploads\\\/2022\\\/03\\\/Listra_online_full_small.png\",\"contentUrl\":\"https:\\\/\\\/www.listra.org\\\/wp-content\\\/uploads\\\/2022\\\/03\\\/Listra_online_full_small.png\",\"width\":420,\"height\":233,\"caption\":\"Listra\"},\"image\":{\"@id\":\"https:\\\/\\\/www.listra.org\\\/#\\\/schema\\\/logo\\\/image\\\/\"},\"sameAs\":[\"https:\\\/\\\/www.facebook.com\\\/Listra-455689178179359\",\"https:\\\/\\\/www.instagram.com\\\/listra_perla_de_amazonas\\\/\"]}]}<\/script>\n<!-- \/ Yoast SEO plugin. -->","yoast_head_json":{"title":"Nab\u00edz\u00edm - Listra","robots":{"index":"index","follow":"follow","max-snippet":"max-snippet:-1","max-image-preview":"max-image-preview:large","max-video-preview":"max-video-preview:-1"},"canonical":"https:\/\/www.listra.org\/cs\/nabizim\/","og_locale":"cs_CZ","og_type":"article","og_title":"Nab\u00edz\u00edm - Listra","og_description":"Cesty do Peru na m\u00edru P\u0159ipravuji a organizuji cesty po Peru \u2013 od individu\u00e1ln\u00edch itiner\u00e1\u0159\u016f a\u017e po osobn\u011b veden\u00e9 z\u00e1jezdy v mal\u00fdch skupin\u00e1ch.\u00a0\u00a0 \u2022 Individu\u00e1ln\u00ed cesty na m\u00edru \u2022 Prov\u00e1zen\u00e9 cesty v mal\u00fdch skupin\u00e1ch \u2022 Kompletn\u00ed organizace pobytu \u2022 Kulin\u00e1\u0159sk\u00e9 a kulturn\u00ed z\u00e1\u017eitky \u2022 Workshopy s m\u00edstn\u00edmi komunitami WhatsApp Cestov\u00e1n\u00ed po Peru samostatn\u011b po vlastn\u00ed [&hellip;]","og_url":"https:\/\/www.listra.org\/cs\/nabizim\/","og_site_name":"Listra","article_publisher":"https:\/\/www.facebook.com\/Listra-455689178179359","article_modified_time":"2026-04-27T23:15:15+00:00","twitter_card":"summary_large_image","twitter_misc":{"Odhadovan\u00e1 doba \u010dten\u00ed":"1 minuta"},"schema":{"@context":"https:\/\/schema.org","@graph":[{"@type":"WebPage","@id":"https:\/\/www.listra.org\/nabizim\/","url":"https:\/\/www.listra.org\/nabizim\/","name":"Nab\u00edz\u00edm - Listra","isPartOf":{"@id":"https:\/\/www.listra.org\/#website"},"datePublished":"2022-06-28T10:21:31+00:00","dateModified":"2026-04-27T23:15:15+00:00","breadcrumb":{"@id":"https:\/\/www.listra.org\/nabizim\/#breadcrumb"},"inLanguage":"cs","potentialAction":[{"@type":"ReadAction","target":["https:\/\/www.listra.org\/nabizim\/"]}]},{"@type":"BreadcrumbList","@id":"https:\/\/www.listra.org\/nabizim\/#breadcrumb","itemListElement":[{"@type":"ListItem","position":1,"name":"Home","item":"https:\/\/www.listra.org\/"},{"@type":"ListItem","position":2,"name":"Nab\u00edz\u00edm"}]},{"@type":"WebSite","@id":"https:\/\/www.listra.org\/#website","url":"https:\/\/www.listra.org\/","name":"Listra","description":"North Peru traveler","publisher":{"@id":"https:\/\/www.listra.org\/#organization"},"potentialAction":[{"@type":"SearchAction","target":{"@type":"EntryPoint","urlTemplate":"https:\/\/www.listra.org\/?s={search_term_string}"},"query-input":{"@type":"PropertyValueSpecification","valueRequired":true,"valueName":"search_term_string"}}],"inLanguage":"cs"},{"@type":"Organization","@id":"https:\/\/www.listra.org\/#organization","name":"Listra","url":"https:\/\/www.listra.org\/","logo":{"@type":"ImageObject","inLanguage":"cs","@id":"https:\/\/www.listra.org\/#\/schema\/logo\/image\/","url":"https:\/\/www.listra.org\/wp-content\/uploads\/2022\/03\/Listra_online_full_small.png","contentUrl":"https:\/\/www.listra.org\/wp-content\/uploads\/2022\/03\/Listra_online_full_small.png","width":420,"height":233,"caption":"Listra"},"image":{"@id":"https:\/\/www.listra.org\/#\/schema\/logo\/image\/"},"sameAs":["https:\/\/www.facebook.com\/Listra-455689178179359","https:\/\/www.instagram.com\/listra_perla_de_amazonas\/"]}]}},"_links":{"self":[{"href":"https:\/\/www.listra.org\/cs\/wp-json\/wp\/v2\/pages\/3580","targetHints":{"allow":["GET"]}}],"collection":[{"href":"https:\/\/www.listra.org\/cs\/wp-json\/wp\/v2\/pages"}],"about":[{"href":"https:\/\/www.listra.org\/cs\/wp-json\/wp\/v2\/types\/page"}],"author":[{"embeddable":true,"href":"https:\/\/www.listra.org\/cs\/wp-json\/wp\/v2\/users\/2"}],"replies":[{"embeddable":true,"href":"https:\/\/www.listra.org\/cs\/wp-json\/wp\/v2\/comments?post=3580"}],"version-history":[{"count":93,"href":"https:\/\/www.listra.org\/cs\/wp-json\/wp\/v2\/pages\/3580\/revisions"}],"predecessor-version":[{"id":6476,"href":"https:\/\/www.listra.org\/cs\/wp-json\/wp\/v2\/pages\/3580\/revisions\/6476"}],"wp:attachment":[{"href":"https:\/\/www.listra.org\/cs\/wp-json\/wp\/v2\/media?parent=3580"}],"curies":[{"name":"wp","href":"https:\/\/api.w.org\/{rel}","templated":true}]}}